{"id":1121,"date":"2025-02-10T16:13:35","date_gmt":"2025-02-10T16:13:35","guid":{"rendered":"https:\/\/dev.blacksquare.live\/?page_id=1121"},"modified":"2025-12-19T20:50:40","modified_gmt":"2025-12-19T20:50:40","slug":"testimoniale","status":"publish","type":"page","link":"https:\/\/dev.blacksquare.live\/en\/testimoniale\/","title":{"rendered":"Testimoniale"},"content":{"rendered":"<div class=\"brz-root__container brz-reset-all brz brz-root__container-page\">\n<section id=\"3db17a6e4b44a18897fb_mATdf0QQnwSC\" class=\"brz-section brz-css-3btfr5 brz-css-7zp2u7\">\n<div class=\"brz-section__content brz-section--boxed brz-css-1dft7ny brz-css-1t7tu9o\" data-brz-custom-id=\"vdpMFsqhvkSF\">\n<div class=\"brz-container brz-css-cbyp71\">\n<div id=\"\" class=\"brz-css-1usbjcn brz-wrapper\">\n<div class=\"brz-image brz-css-159t8cb brz-css-1naf3fs\" data-brz-custom-id=\"lnXIIMjQq6iE\"><img decoding=\"async\" class=\"brz-img\" src=\"https:\/\/dev.blacksquare.live\/wp-content\/uploads\/2025\/02\/Header-Testimoniale-web-new-v2.jpg\" alt=\"\" loading=\"lazy\"><\/div>\n<\/div>\n<\/div>\n<\/div>\n<\/section>\n<section id=\"cba36504da8f91e3955a_kISvxdp6ng8N\" class=\"brz-section brz-css-3btfr5 brz-css-ct9938\">\n<div class=\"brz-section__content brz-section--boxed brz-css-1dft7ny brz-css-cxxwc6\" data-brz-custom-id=\"fcJrippJ25Gm\">\n<div class=\"brz-container brz-css-cbyp71\">\n<div id=\"\" class=\"brz-css-1usbjcn brz-wrapper\">\n<div class=\"brz-image brz-css-omqb92 brz-css-1au5h7q\" data-brz-custom-id=\"sR4Gv52tZgn_\"><img decoding=\"async\" class=\"brz-img\" src=\"https:\/\/dev.blacksquare.live\/wp-content\/uploads\/2025\/02\/CD-Servicii-testimoniale-new_.png\" alt=\"\" loading=\"lazy\"><\/div>\n<\/div>\n<\/div>\n<\/div>\n<\/section>\n<section id=\"84734c42fe5ca752a7b7_jsbs8GBDR6Cs\" class=\"brz-section brz-css-3btfr5\">\n<div class=\"brz-section__content brz-section--boxed brz-css-1dft7ny brz-css-ni3vho\" data-brz-custom-id=\"v_kyQIj6cKHv\">\n<div class=\"brz-container brz-css-cbyp71\">\n<div class=\"brz-row__container brz-css-i3387x\" data-brz-custom-id=\"tyjcK94N_qIr\">\n<div class=\"brz-bg\"><\/div>\n<div class=\"brz-row brz-css-1p6pe9l brz-css-23k4r4\">\n<div class=\"brz-columns brz-css-1mnrkhr brz-css-2nl7kh\" data-brz-custom-id=\"zI_HJAiZnyMQ\">\n<div class=\"brz-bg\"><\/div>\n<div class=\"brz-column__items brz-css-1ymdqj8\">\n<div class=\"brz-row__container brz-css-i3387x brz-css-1hjbmas\" data-brz-custom-id=\"pqoeTm4IKqUe\">\n<div class=\"brz-bg\"><\/div>\n<div class=\"brz-row brz-row--inner brz-css-1p6pe9l brz-css-23k4r4\">\n<div class=\"brz-columns brz-css-1mnrkhr\" data-brz-custom-id=\"wleLVsuNlUbo\">\n<div class=\"brz-bg\"><\/div>\n<div class=\"brz-column__items brz-css-1ymdqj8\">\n<div id=\"\" class=\"brz-css-1usbjcn brz-wrapper\">\n<div class=\"brz-image brz-css-15vbli4 brz-css-179aff4\" data-brz-custom-id=\"rBHbj2IXfcX2\"><img decoding=\"async\" class=\"brz-img\" src=\"https:\/\/dev.blacksquare.live\/wp-content\/uploads\/2025\/02\/vecteezy_smiling-man-with-curly-hair_46003308-scaled-1.jpeg\" alt=\"\" loading=\"lazy\"><\/div>\n<\/div>\n<\/div>\n<\/div>\n<div class=\"brz-columns brz-css-1mnrkhr brz-css-lhsend\" data-brz-custom-id=\"gA_SacHvhZwb\">\n<div class=\"brz-bg\"><\/div>\n<div class=\"brz-column__items brz-css-1ymdqj8 brz-css-e80fko\">\n<div id=\"\" class=\"brz-css-1usbjcn brz-wrapper\">\n<div class=\"brz-rich-text brz-rich-text__custom brz-css-s2600k\" data-brz-custom-id=\"wCf6SCA1fM4H\">\n<div data-brz-translate-text=\"1\">\n<p data-generated-css=\"brz-css-bEcEj\" data-uniq-id=\"sDxwT\" class=\"brz-vfw-lg-400 brz-fwdth-lg-100 brz-fsft-lg-0 brz-tp-lg-empty brz-ff-frkObQbgJBsf brz-ft-upload brz-fs-lg-20 brz-fss-lg-px brz-fw-lg-900 brz-ls-lg-0 brz-lh-lg-1 brz-css-iyfD1\"><span class=\"brz-cp-color7\">Iasi, Romania<\/span><\/p>\n<\/div>\n<\/div>\n<\/div>\n<div id=\"\" class=\"brz-css-1usbjcn brz-wrapper\">\n<div class=\"brz-rich-text brz-rich-text__custom brz-css-s2600k\" data-brz-custom-id=\"vLOB7u5gtik4\">\n<div data-brz-translate-text=\"1\">\n<p class=\"brz-fsft-lg-0 brz-fwdth-lg-100 brz-vfw-lg-400 brz-lh-lg-1 brz-ls-lg-0 brz-fw-lg-900 brz-fss-lg-px brz-fs-lg-26 brz-ft-upload brz-ff-frkObQbgJBsf brz-tp-lg-empty brz-css-oMzSY\" data-uniq-id=\"i9auI\" data-generated-css=\"brz-css-sRsDR\"><span class=\"brz-cp-color7\">Alexandru Alin Visilean<\/span><\/p>\n<p class=\"brz-fsft-lg-0 brz-fwdth-lg-100 brz-vfw-lg-400 brz-lh-lg-1 brz-ls-lg-0 brz-fw-lg-900 brz-fss-lg-px brz-fs-lg-26 brz-ft-upload brz-ff-frkObQbgJBsf brz-tp-lg-empty brz-css-dqTNH\" data-uniq-id=\"hNUWP\" data-generated-css=\"brz-css-qOrgz\"><span class=\"brz-cp-color7\"> <\/span><\/p>\n<\/div>\n<\/div>\n<\/div>\n<div id=\"\" class=\"brz-css-1usbjcn brz-wrapper\">\n<div class=\"brz-rich-text brz-rich-text__custom brz-css-s2600k\" data-brz-custom-id=\"vuLPRPPxNRDQ\">\n<div data-brz-translate-text=\"1\">\n<p class=\"brz-fs-lg-22 brz-fsft-xs-0 brz-fwdth-xs-100 brz-vfw-xs-400 brz-lh-xs-1_5 brz-ls-xs-0 brz-fw-xs-500 brz-fss-xs-px brz-fs-xs-21 brz-tp-xs-empty brz-text-lg-left brz-tp-sm-empty brz-fs-sm-26 brz-fss-sm-px brz-fw-sm-500 brz-ls-sm-0 brz-lh-sm-1_3 brz-vfw-sm-400 brz-fwdth-sm-100 brz-fsft-sm-0 brz-fss-lg-px brz-fw-lg-400 brz-ls-lg-0 brz-lh-lg-1_3 brz-vfw-lg-400 brz-fwdth-lg-100 brz-fsft-lg-0 brz-ft-upload brz-tp-lg-empty brz-ff-xxoD5ioirR1e brz-text-xs-justify brz-css-xIFah\" data-generated-css=\"brz-css-zAnX2\" data-uniq-id=\"wkeQb\"><span class=\"brz-cp-color7\">De c\u00e2\u021biva ani buni merg la Cosmi DENT.<\/span><\/p>\n<p class=\"brz-fsft-xs-0 brz-fwdth-xs-100 brz-vfw-xs-400 brz-lh-xs-1_5 brz-ls-xs-0 brz-fw-xs-500 brz-fss-xs-px brz-fs-xs-21 brz-tp-xs-empty brz-text-lg-left brz-tp-sm-empty brz-fs-sm-26 brz-fss-sm-px brz-fw-sm-500 brz-ls-sm-0 brz-lh-sm-1_3 brz-vfw-sm-400 brz-fwdth-sm-100 brz-fsft-sm-0 brz-tp-lg-empty brz-ff-xxoD5ioirR1e brz-ft-upload brz-fs-lg-20 brz-fss-lg-px brz-fw-lg-400 brz-ls-lg-0 brz-lh-lg-1_3 brz-vfw-lg-400 brz-fwdth-lg-100 brz-fsft-lg-0 brz-text-xs-left brz-css-rztvy\" data-generated-css=\"brz-css-nb2y6\" data-uniq-id=\"kfpNh\"><span class=\"brz-cp-color7\">De la intrarea principal\u0103, sunt \u00eentotdeauna \u00eent\u00e2mpinat de personalul de la recep\u021bie super prietenos. Opera\u021bia este foarte modern\u0103 \u0219i cald\u0103.<\/span><\/p>\n<\/div>\n<\/div>\n<\/div>\n<\/div>\n<\/div>\n<\/div>\n<\/div>\n<\/div>\n<\/div>\n<\/div>\n<\/div>\n<div class=\"brz-row__container brz-css-i3387x\" data-brz-custom-id=\"ukKu2AGzV1EA\">\n<div class=\"brz-bg\"><\/div>\n<div class=\"brz-row brz-css-1p6pe9l brz-css-23k4r4\">\n<div class=\"brz-columns brz-css-1mnrkhr brz-css-13igm7e\" data-brz-custom-id=\"qRUD5vbG1aJe\">\n<div class=\"brz-bg\"><\/div>\n<div class=\"brz-column__items brz-css-1ymdqj8\">\n<div class=\"brz-row__container brz-css-i3387x\" data-brz-custom-id=\"yZdvUoVEB_dl\">\n<div class=\"brz-bg\"><\/div>\n<div class=\"brz-row brz-row--inner brz-css-1p6pe9l brz-css-23k4r4\">\n<div class=\"brz-columns brz-css-1mnrkhr brz-css-gz5byl\" data-brz-custom-id=\"uzkeROzFbd36\">\n<div class=\"brz-bg\"><\/div>\n<div class=\"brz-column__items brz-css-1ymdqj8 brz-css-51yq4p\">\n<div id=\"\" class=\"brz-css-1usbjcn brz-wrapper\">\n<div class=\"brz-rich-text brz-rich-text__custom brz-css-s2600k\" data-brz-custom-id=\"t5qa8U5jayaV\">\n<div data-brz-translate-text=\"1\">\n<p data-generated-css=\"brz-css-qXbGd\" data-uniq-id=\"o6d09\" class=\"brz-vfw-lg-400 brz-fwdth-lg-100 brz-fsft-lg-0 brz-tp-lg-empty brz-ff-frkObQbgJBsf brz-ft-upload brz-fs-lg-20 brz-fss-lg-px brz-fw-lg-900 brz-ls-lg-0 brz-lh-lg-1 brz-css-sqwNh\"><span class=\"brz-cp-color7\">Rediu, Romania<\/span><\/p>\n<\/div>\n<\/div>\n<\/div>\n<div id=\"\" class=\"brz-css-1usbjcn brz-wrapper\">\n<div class=\"brz-rich-text brz-rich-text__custom brz-css-s2600k\" data-brz-custom-id=\"mooF_T81DzHv\">\n<div data-brz-translate-text=\"1\">\n<p class=\"brz-fsft-lg-0 brz-fwdth-lg-100 brz-vfw-lg-400 brz-lh-lg-1 brz-ls-lg-0 brz-fw-lg-900 brz-fss-lg-px brz-fs-lg-26 brz-ft-upload brz-ff-frkObQbgJBsf brz-tp-lg-empty brz-css-lrv8a\" data-uniq-id=\"riX7m\" data-generated-css=\"brz-css-gj5cI\">Florentina Leonte<\/p>\n<p class=\"brz-fsft-lg-0 brz-fwdth-lg-100 brz-vfw-lg-400 brz-lh-lg-1 brz-ls-lg-0 brz-fw-lg-900 brz-fss-lg-px brz-fs-lg-26 brz-ft-upload brz-ff-frkObQbgJBsf brz-tp-lg-empty brz-css-dpmkE\" data-uniq-id=\"pn9i_\" data-generated-css=\"brz-css-jaa8D\"><span class=\"brz-cp-color7\"> <\/span><\/p>\n<\/div>\n<\/div>\n<\/div>\n<div id=\"\" class=\"brz-css-1usbjcn brz-wrapper\">\n<div class=\"brz-rich-text brz-rich-text__custom brz-css-s2600k\" data-brz-custom-id=\"gK1J2pj2O_oU\">\n<div data-brz-translate-text=\"1\">\n<p class=\"brz-vfw-lg-400 brz-fwdth-lg-100 brz-fsft-lg-0 brz-tp-lg-empty brz-ff-xxoD5ioirR1e brz-ft-upload brz-fs-lg-20 brz-fss-lg-px brz-fw-lg-400 brz-ls-lg-0 brz-lh-lg-1_3 brz-css-zIGAy\" data-generated-css=\"brz-css-rQwbQ\" data-uniq-id=\"sGtum\"><span class=\"brz-cp-color2\">Am avut o experienta extraordinara la clinica Cosmi DENT. De la primul pas in cabinet am fost intampinata cu caldura si profesionalism. Medicul Cosmina Adascalitei este un adevarat profesionist &#8211; calm, rabdator si extrem de atent la detalii .<\/span><\/p>\n<\/div>\n<\/div>\n<\/div>\n<\/div>\n<\/div>\n<div class=\"brz-columns brz-css-1mnrkhr\" data-brz-custom-id=\"yhzIyMjsZthQ\">\n<div class=\"brz-bg\"><\/div>\n<div class=\"brz-column__items brz-css-1ymdqj8\">\n<div id=\"\" class=\"brz-css-1usbjcn brz-wrapper\">\n<div class=\"brz-image brz-css-1kncwxr brz-css-libwih\" data-brz-custom-id=\"vT8TPWVG0aSG\"><img decoding=\"async\" class=\"brz-img\" src=\"https:\/\/dev.blacksquare.live\/wp-content\/uploads\/2025\/02\/flux-image.com_cheerful-young-woman-smiling-in-stunning-mountain-landscape-22.jpeg\" alt=\"\" loading=\"lazy\"><\/div>\n<\/div>\n<\/div>\n<\/div>\n<\/div>\n<\/div>\n<\/div>\n<\/div>\n<\/div>\n<\/div>\n<div class=\"brz-row__container brz-css-i3387x\" data-brz-custom-id=\"iixa6kB8er4_\">\n<div class=\"brz-bg\"><\/div>\n<div class=\"brz-row brz-css-1p6pe9l brz-css-23k4r4\">\n<div class=\"brz-columns brz-css-1mnrkhr brz-css-t0ehab\" data-brz-custom-id=\"sCl6oJjmPch1\">\n<div class=\"brz-bg\"><\/div>\n<div class=\"brz-column__items brz-css-1ymdqj8\">\n<div class=\"brz-row__container brz-css-i3387x brz-css-1uy4v2t\" data-brz-custom-id=\"a_OZ1VWtZaR7\">\n<div class=\"brz-bg\"><\/div>\n<div class=\"brz-row brz-row--inner brz-css-1p6pe9l brz-css-23k4r4\">\n<div class=\"brz-columns brz-css-1mnrkhr\" data-brz-custom-id=\"wSBNBEKCgpGO\">\n<div class=\"brz-bg\"><\/div>\n<div class=\"brz-column__items brz-css-1ymdqj8\">\n<div id=\"\" class=\"brz-css-1usbjcn brz-wrapper\">\n<div class=\"brz-image brz-css-wl8s8r brz-css-kpx8t0\" data-brz-custom-id=\"giUUi48YagNo\"><img decoding=\"async\" class=\"brz-img\" src=\"https:\/\/dev.blacksquare.live\/wp-content\/uploads\/2025\/02\/vecteezy_young-woman-with-long-brown-hair-smiling_46844817-scaled-23.jpg\" alt=\"\" loading=\"lazy\"><\/div>\n<\/div>\n<\/div>\n<\/div>\n<div class=\"brz-columns brz-css-1mnrkhr brz-css-c8bai4\" data-brz-custom-id=\"zB9tRvcW6bij\">\n<div class=\"brz-bg\"><\/div>\n<div class=\"brz-column__items brz-css-1ymdqj8 brz-css-1rcuwoo\">\n<div id=\"\" class=\"brz-css-1usbjcn brz-wrapper\">\n<div class=\"brz-rich-text brz-rich-text__custom brz-css-s2600k\" data-brz-custom-id=\"gDEfXaIyXd7C\">\n<div data-brz-translate-text=\"1\">\n<p data-generated-css=\"brz-css-eIyYz\" data-uniq-id=\"rnLMk\" class=\"brz-ls-lg-0 brz-lh-lg-1 brz-vfw-lg-400 brz-fwdth-lg-100 brz-fsft-lg-0 brz-tp-lg-empty brz-ff-frkObQbgJBsf brz-ft-upload brz-fs-lg-20 brz-fss-lg-px brz-fw-lg-900 brz-css-pwri5\"><span class=\"brz-cp-color7\">Iasi, Romania<\/span><\/p>\n<\/div>\n<\/div>\n<\/div>\n<div id=\"\" class=\"brz-css-1usbjcn brz-wrapper\">\n<div class=\"brz-rich-text brz-rich-text__custom brz-css-s2600k\" data-brz-custom-id=\"gfRn21ElzMwy\">\n<div data-brz-translate-text=\"1\">\n<p class=\"brz-fsft-lg-0 brz-fwdth-lg-100 brz-vfw-lg-400 brz-lh-lg-1 brz-ls-lg-0 brz-fw-lg-900 brz-fss-lg-px brz-fs-lg-26 brz-ft-upload brz-ff-frkObQbgJBsf brz-tp-lg-empty brz-css-h63V3\" data-uniq-id=\"crlvC\" data-generated-css=\"brz-css-on08u\"><span class=\"brz-cp-color7\">Andreea Balan<\/span><\/p>\n<p class=\"brz-fsft-lg-0 brz-fwdth-lg-100 brz-vfw-lg-400 brz-lh-lg-1 brz-ls-lg-0 brz-fw-lg-900 brz-fss-lg-px brz-fs-lg-26 brz-ft-upload brz-ff-frkObQbgJBsf brz-tp-lg-empty brz-css-rQH0V\" data-uniq-id=\"hWs4O\" data-generated-css=\"brz-css-wbWkQ\"><span class=\"brz-cp-color7\"> <\/span><\/p>\n<\/div>\n<\/div>\n<\/div>\n<div id=\"\" class=\"brz-css-1usbjcn brz-wrapper\">\n<div class=\"brz-rich-text brz-rich-text__custom brz-css-s2600k\" data-brz-custom-id=\"gun5_Q3MXhjQ\">\n<div data-brz-translate-text=\"1\">\n<p class=\"brz-vfw-lg-400 brz-fwdth-lg-100 brz-fsft-lg-0 brz-tp-lg-empty brz-ff-xxoD5ioirR1e brz-ft-upload brz-fs-lg-20 brz-fss-lg-px brz-fw-lg-400 brz-ls-lg-0 brz-lh-lg-1_3 brz-css-ki09U\" data-generated-css=\"brz-css-n5H8H\" data-uniq-id=\"gxE4G\"><span class=\"brz-cp-color2\">Recomand din tot sufletul! Servicii de \u00eenalt\u0103 calitate, dar cel mai important prime\u0219ti sfaturi in folosul tau (pacientului), iar Doamna Doctor Cosmina Adascalitei este o persoana foarte r\u0103bd\u0103toare, calm\u0103 \u0219i empatic\u0103.<\/span><\/p>\n<\/div>\n<\/div>\n<\/div>\n<\/div>\n<\/div>\n<\/div>\n<\/div>\n<\/div>\n<\/div>\n<\/div>\n<\/div>\n<div class=\"brz-row__container brz-css-i3387x\" data-brz-custom-id=\"bTbZW2qUWDDg\">\n<div class=\"brz-bg\"><\/div>\n<div class=\"brz-row brz-css-1p6pe9l brz-css-23k4r4\">\n<div class=\"brz-columns brz-css-1mnrkhr brz-css-15b3yw7\" data-brz-custom-id=\"g19WMTI86AaQ\">\n<div class=\"brz-bg\"><\/div>\n<div class=\"brz-column__items brz-css-1ymdqj8\">\n<div class=\"brz-row__container brz-css-i3387x\" data-brz-custom-id=\"a9Ou9LMYLxhd\">\n<div class=\"brz-bg\"><\/div>\n<div class=\"brz-row brz-row--inner brz-css-1p6pe9l brz-css-23k4r4\">\n<div class=\"brz-columns brz-css-1mnrkhr brz-css-f8hz11\" data-brz-custom-id=\"sLB8aL3_O0x4\">\n<div class=\"brz-bg\"><\/div>\n<div class=\"brz-column__items brz-css-1ymdqj8 brz-css-18hwjdx\">\n<div id=\"\" class=\"brz-css-1usbjcn brz-wrapper\">\n<div class=\"brz-rich-text brz-rich-text__custom brz-css-s2600k\" data-brz-custom-id=\"ezCSQmHRtKqB\">\n<div data-brz-translate-text=\"1\">\n<p data-generated-css=\"brz-css-mz5Hj\" data-uniq-id=\"redvU\" class=\"brz-ls-lg-0 brz-lh-lg-1 brz-vfw-lg-400 brz-fwdth-lg-100 brz-fsft-lg-0 brz-tp-lg-empty brz-ff-frkObQbgJBsf brz-ft-upload brz-fs-lg-20 brz-fss-lg-px brz-fw-lg-900 brz-css-ttp5N\"><span class=\"brz-cp-color7\">Iasi, Romania<\/span><\/p>\n<\/div>\n<\/div>\n<\/div>\n<div id=\"\" class=\"brz-css-1usbjcn brz-wrapper\">\n<div class=\"brz-rich-text brz-rich-text__custom brz-css-s2600k\" data-brz-custom-id=\"gNBl9EwwuQYH\">\n<div data-brz-translate-text=\"1\">\n<p class=\"brz-tp-lg-empty brz-ff-frkObQbgJBsf brz-ft-upload brz-fs-lg-26 brz-fss-lg-px brz-fw-lg-900 brz-ls-lg-0 brz-lh-lg-1 brz-vfw-lg-400 brz-fwdth-lg-100 brz-fsft-lg-0 brz-css-d2Orv\" data-generated-css=\"brz-css-e2gTS\" data-uniq-id=\"gNyxd\"><strong class=\"brz-cp-color2\">Loghin Constantin<\/strong><\/p>\n<p class=\"brz-tp-lg-empty brz-ff-frkObQbgJBsf brz-ft-upload brz-fs-lg-26 brz-fss-lg-px brz-fw-lg-900 brz-ls-lg-0 brz-lh-lg-1 brz-vfw-lg-400 brz-fwdth-lg-100 brz-fsft-lg-0 brz-css-wMy53\" data-generated-css=\"brz-css-r7NLe\" data-uniq-id=\"ipIOZ\"><span class=\"brz-cp-color7\"> <\/span><\/p>\n<\/div>\n<\/div>\n<\/div>\n<div id=\"\" class=\"brz-css-1usbjcn brz-wrapper\">\n<div class=\"brz-rich-text brz-rich-text__custom brz-css-s2600k\" data-brz-custom-id=\"xU7yB0deI3Zr\">\n<div data-brz-translate-text=\"1\">\n<p class=\"brz-fsft-lg-0 brz-fwdth-lg-100 brz-vfw-lg-400 brz-lh-lg-1_3 brz-ls-lg-0 brz-fw-lg-400 brz-fss-lg-px brz-fs-lg-20 brz-ft-upload brz-ff-xxoD5ioirR1e brz-tp-lg-empty brz-fsft-sm-0 brz-fwdth-sm-100 brz-vfw-sm-400 brz-lh-sm-1_3 brz-ls-sm-0 brz-fw-sm-500 brz-fss-sm-px brz-fs-sm-26 brz-tp-sm-empty brz-text-lg-left brz-tp-xs-empty brz-fs-xs-21 brz-fss-xs-px brz-fw-xs-500 brz-ls-xs-0 brz-lh-xs-1_5 brz-vfw-xs-400 brz-fwdth-xs-100 brz-fsft-xs-0 brz-text-xs-justify brz-css-wFuIK\" data-uniq-id=\"cO4ey\" data-generated-css=\"brz-css-sNboF\"><span class=\"brz-cp-color7\">Cabinet super profesiont. A lucrat impecabil.  At\u00e2t personalul c\u00e2t \u0219i aparatura este de nota 10! Ma duc cu drag si f\u0103r\u0103 nicio fric\u0103 de fiecare dat\u0103. <\/span><span style=\"font-family: xxoD5ioirR1e;font-size: 20px;font-weight: 400;letter-spacing: normal;text-transform: none;background-color: initial\">Recomand!<\/span><\/p>\n<p class=\"brz-fsft-lg-0 brz-fwdth-lg-100 brz-vfw-lg-400 brz-lh-lg-1_3 brz-ls-lg-0 brz-fw-lg-400 brz-fss-lg-px brz-fs-lg-20 brz-ft-upload brz-ff-xxoD5ioirR1e brz-tp-lg-empty brz-text-xs-center brz-fsft-sm-0 brz-fwdth-sm-100 brz-vfw-sm-400 brz-lh-sm-1_3 brz-ls-sm-0 brz-fw-sm-500 brz-fss-sm-px brz-fs-sm-26 brz-tp-sm-empty brz-text-lg-left brz-tp-xs-empty brz-fs-xs-21 brz-fss-xs-px brz-fw-xs-500 brz-ls-xs-0 brz-lh-xs-1_5 brz-vfw-xs-400 brz-fwdth-xs-100 brz-fsft-xs-0 brz-css-x8VSk\" data-uniq-id=\"mcaHt\" data-generated-css=\"brz-css-rOsf7\"><\/p>\n<p class=\"brz-fsft-lg-0 brz-fwdth-lg-100 brz-vfw-lg-400 brz-lh-lg-1_3 brz-ls-lg-0 brz-fw-lg-400 brz-fss-lg-px brz-fs-lg-20 brz-ft-upload brz-ff-xxoD5ioirR1e brz-tp-lg-empty brz-text-xs-center brz-fsft-sm-0 brz-fwdth-sm-100 brz-vfw-sm-400 brz-lh-sm-1_3 brz-ls-sm-0 brz-fw-sm-500 brz-fss-sm-px brz-fs-sm-26 brz-tp-sm-empty brz-text-lg-left brz-tp-xs-empty brz-fs-xs-21 brz-fss-xs-px brz-fw-xs-500 brz-ls-xs-0 brz-lh-xs-1_5 brz-vfw-xs-400 brz-fwdth-xs-100 brz-fsft-xs-0 brz-css-mezY9\" data-uniq-id=\"uqpPa\" data-generated-css=\"brz-css-w5HQv\"><\/p>\n<\/div>\n<\/div>\n<\/div>\n<\/div>\n<\/div>\n<div class=\"brz-columns brz-css-1mnrkhr\" data-brz-custom-id=\"zS17MbKFXq_t\">\n<div class=\"brz-bg\"><\/div>\n<div class=\"brz-column__items brz-css-1ymdqj8\">\n<div id=\"\" class=\"brz-css-1usbjcn brz-wrapper\">\n<div class=\"brz-image brz-css-w7zudw brz-css-u7xpft\" data-brz-custom-id=\"q2AqRTWaNM1v\"><img decoding=\"async\" class=\"brz-img\" src=\"https:\/\/dev.blacksquare.live\/wp-content\/uploads\/2025\/02\/WhatsApp-Image-2024-11-19-at-13.20.32-1.jpeg\" alt=\"\" loading=\"lazy\"><\/div>\n<\/div>\n<\/div>\n<\/div>\n<\/div>\n<\/div>\n<\/div>\n<\/div>\n<\/div>\n<\/div>\n<div class=\"brz-row__container brz-css-i3387x\" data-brz-custom-id=\"rIOIKHLc1vw4\">\n<div class=\"brz-bg\"><\/div>\n<div class=\"brz-row brz-css-1p6pe9l brz-css-23k4r4\">\n<div class=\"brz-columns brz-css-1mnrkhr brz-css-1j5dymi\" data-brz-custom-id=\"e7Y4KHHmNNe3\">\n<div class=\"brz-bg\"><\/div>\n<div class=\"brz-column__items brz-css-1ymdqj8\">\n<div class=\"brz-row__container brz-css-i3387x brz-css-4ho96u\" data-brz-custom-id=\"bPWI3_c_XOf6\">\n<div class=\"brz-bg\"><\/div>\n<div class=\"brz-row brz-row--inner brz-css-1p6pe9l brz-css-23k4r4\">\n<div class=\"brz-columns brz-css-1mnrkhr\" data-brz-custom-id=\"tslSxglJbj5N\">\n<div class=\"brz-bg\"><\/div>\n<div class=\"brz-column__items brz-css-1ymdqj8\">\n<div id=\"\" class=\"brz-css-1usbjcn brz-wrapper\">\n<div class=\"brz-image brz-css-rhncmv brz-css-xi4g8y\" data-brz-custom-id=\"x9KaK2ZaMdyj\"><img decoding=\"async\" class=\"brz-img\" src=\"https:\/\/dev.blacksquare.live\/wp-content\/uploads\/2025\/02\/young-woman-smiling-outdoors-with-green-foliage-backdrop_14117-989814.jpg\" alt=\"\" loading=\"lazy\"><\/div>\n<\/div>\n<\/div>\n<\/div>\n<div class=\"brz-columns brz-css-1mnrkhr\" data-brz-custom-id=\"oyhecywKMvJk\">\n<div class=\"brz-bg\"><\/div>\n<div class=\"brz-column__items brz-css-1ymdqj8\">\n<div id=\"\" class=\"brz-css-1usbjcn brz-wrapper\">\n<div class=\"brz-rich-text brz-rich-text__custom brz-css-s2600k\" data-brz-custom-id=\"ejG79W_aiRVJ\">\n<div data-brz-translate-text=\"1\">\n<p data-generated-css=\"brz-css-n78JC\" data-uniq-id=\"lH2u_\" class=\"brz-vfw-lg-400 brz-fwdth-lg-100 brz-fsft-lg-0 brz-tp-lg-empty brz-ff-frkObQbgJBsf brz-ft-upload brz-fs-lg-20 brz-fss-lg-px brz-fw-lg-900 brz-ls-lg-0 brz-lh-lg-1 brz-css-sOi3A\"><span class=\"brz-cp-color7\">Le\u021bcani, Romania<\/span><\/p>\n<\/div>\n<\/div>\n<\/div>\n<div id=\"\" class=\"brz-css-1usbjcn brz-wrapper\">\n<div class=\"brz-rich-text brz-rich-text__custom brz-css-s2600k\" data-brz-custom-id=\"q8bTCHX8_KkT\">\n<div data-brz-translate-text=\"1\">\n<p class=\"brz-ls-lg-0 brz-lh-lg-1 brz-vfw-lg-400 brz-fwdth-lg-100 brz-fsft-lg-0 brz-tp-lg-empty brz-ff-frkObQbgJBsf brz-ft-upload brz-fs-lg-26 brz-fss-lg-px brz-fw-lg-900 brz-css-y9P1h\" data-generated-css=\"brz-css-tpJuP\" data-uniq-id=\"krrxE\"><strong class=\"brz-cp-color2\">Diana Alexandra<\/strong><\/p>\n<p class=\"brz-tp-lg-empty brz-ff-overpass brz-ft-google brz-fs-lg-26 brz-fss-lg-px brz-fw-lg-400 brz-ls-lg-0 brz-lh-lg-1 brz-vfw-lg-400 brz-fwdth-lg-100 brz-fsft-lg-0 brz-css-ujVrX\" data-generated-css=\"brz-css-cpyDN\" data-uniq-id=\"gsJwP\"><span class=\"brz-cp-color7\"> <\/span><\/p>\n<\/div>\n<\/div>\n<\/div>\n<div id=\"\" class=\"brz-css-1usbjcn brz-wrapper\">\n<div class=\"brz-rich-text brz-rich-text__custom brz-css-s2600k\" data-brz-custom-id=\"bjTQ36HDw7kQ\">\n<div data-brz-translate-text=\"1\">\n<p class=\"brz-vfw-lg-400 brz-fwdth-lg-100 brz-fsft-lg-0 brz-tp-lg-empty brz-ff-xxoD5ioirR1e brz-ft-upload brz-fs-lg-20 brz-fss-lg-px brz-fw-lg-400 brz-ls-lg-0 brz-lh-lg-1_3 brz-css-jsw4v\" data-uniq-id=\"q1XJH\" data-generated-css=\"brz-css-mlKLR\"><span class=\"brz-cp-color2\">Imi place foarte mult personalul, faptul ca este o placere sa te duci la dentist.Un mediu pl\u0103cut \u00een care e\u0219ti primit cu mare interes asupra nevoilor tale, aten\u021bie deosebit\u0103 la detalii si informa\u021bii suplimentare despre interven\u021bie.<\/span><\/p>\n<\/div>\n<\/div>\n<\/div>\n<\/div>\n<\/div>\n<\/div>\n<\/div>\n<\/div>\n<\/div>\n<\/div>\n<\/div>\n<\/div>\n<\/div>\n<\/section>\n<section id=\"654cf8354e79a0b16212_wXmAaJmufIzk\" class=\"brz-section brz-css-3btfr5\">\n<div class=\"brz-section__content brz-section--boxed brz-css-1dft7ny brz-css-92y798\" data-brz-custom-id=\"fjTEkeP2taKK\">\n<div class=\"brz-container brz-css-cbyp71\">\n<div class=\"brz-wrapper-clone brz-css-1bxnngw\">\n<div class=\"brz-d-xs-flex brz-flex-xs-wrap brz-css-16x76g5\" data-brz-custom-id=\"\">\n<div class=\"brz-wrapper-clone__item\" id=\"fcqFj0pPG0hW\"><a class=\"brz-a brz-anchor brz-btn brz-css-1fvtnws brz-css-qsl14i brz-css-5he8aj brz-css-tomvk5\" href=\"#progra\" target=\"_self\" rel=\"noopener\" data-brz-link-type=\"anchor\" data-brz-custom-id=\"fcqFj0pPG0hW\"><span data-brz-translate-text=\"1\" class=\"brz-span brz-text__editor\">Programeaza-te acum!<\/span><\/a><\/div>\n<\/div>\n<\/div>\n<\/div>\n<\/div>\n<\/section>\n<\/div>\n<p>    <!-- version:1739280789 --><\/p>","protected":false},"excerpt":{"rendered":"<p>Iasi, Romania Alexandru Alin Visilean De c\u00e2\u021biva ani buni merg la Cosmi DENT. De la intrarea principal\u0103, sunt \u00eentotdeauna \u00eent\u00e2mpinat de personalul de la recep\u021bie super prietenos. Opera\u021bia este foarte modern\u0103 \u0219i cald\u0103. Rediu, Romania Florentina Leonte Am avut o experienta extraordinara la clinica Cosmi DENT. De la primul pas in cabinet am fost intampinata [&hellip;]<\/p>","protected":false},"author":1,"featured_media":0,"parent":0,"menu_order":0,"comment_status":"closed","ping_status":"closed","template":"brizy-blank-template.php","meta":{"footnotes":""},"class_list":["post-1121","page","type-page","status-publish","hentry"],"brizy_media":[{"id":998,"url":"https:\/\/dev.blacksquare.live\/wp-content\/uploads\/2025\/02\/flux-image.com_cheerful-young-woman-smiling-in-stunning-mountain-landscape-22.jpeg","name":"flux-image.com_cheerful-young-woman-smiling-in-stunning-mountain-landscape-22.jpeg","meta":{"brizy_attachment_uid":"wp-8ba721845f3584bccec8215fdaf979ea.jpeg","brizy_post_uid":["99266b2de53d01866d9a81591e180819","3b6fd8bd78540e2bc45310e91aaf2c88"]}},{"id":1005,"url":"https:\/\/dev.blacksquare.live\/wp-content\/uploads\/2025\/02\/vecteezy_young-woman-with-long-brown-hair-smiling_46844817-scaled-23.jpg","name":"vecteezy_young-woman-with-long-brown-hair-smiling_46844817-scaled-23.jpg","meta":{"brizy_attachment_uid":"wp-750baa6237216b7f2f80845b502e1af2.jpg","brizy_post_uid":["99266b2de53d01866d9a81591e180819","3b6fd8bd78540e2bc45310e91aaf2c88"]}},{"id":1008,"url":"https:\/\/dev.blacksquare.live\/wp-content\/uploads\/2025\/02\/WhatsApp-Image-2024-11-19-at-13.20.32-1.jpeg","name":"WhatsApp-Image-2024-11-19-at-13.20.32-1.jpeg","meta":{"brizy_attachment_uid":"wp-07b5e7b476ec2bc8d7f3737c8e4bb7da.jpeg","brizy_post_uid":["99266b2de53d01866d9a81591e180819","3b6fd8bd78540e2bc45310e91aaf2c88"]}},{"id":1011,"url":"https:\/\/dev.blacksquare.live\/wp-content\/uploads\/2025\/02\/vecteezy_smiling-man-with-curly-hair_46003308-scaled-1.jpeg","name":"vecteezy_smiling-man-with-curly-hair_46003308-scaled-1.jpeg","meta":{"brizy_attachment_uid":"wp-e32f7c31f004c70e0bb83e5a8ff88815.jpeg","brizy_post_uid":["99266b2de53d01866d9a81591e180819","3b6fd8bd78540e2bc45310e91aaf2c88"]}},{"id":1015,"url":"https:\/\/dev.blacksquare.live\/wp-content\/uploads\/2025\/02\/young-woman-smiling-outdoors-with-green-foliage-backdrop_14117-989814.jpg","name":"young-woman-smiling-outdoors-with-green-foliage-backdrop_14117-989814.jpg","meta":{"brizy_attachment_uid":"wp-e06e5ef3676c4415c9140ea3127e6966.jpg","brizy_post_uid":["99266b2de53d01866d9a81591e180819","3b6fd8bd78540e2bc45310e91aaf2c88"]}},{"id":1125,"url":"https:\/\/dev.blacksquare.live\/wp-content\/uploads\/2025\/02\/Header-Testimoniale-web-new-v2.jpg","name":"Header-Testimoniale-web-new-v2.jpg","meta":{"brizy_attachment_uid":"wp-8e0227010e0e96905aa3b681fc05bff3.jpg","brizy_post_uid":["3b6fd8bd78540e2bc45310e91aaf2c88"]}},{"id":1126,"url":"https:\/\/dev.blacksquare.live\/wp-content\/uploads\/2025\/02\/CD-Servicii-testimoniale-new_.png","name":"CD-Servicii-testimoniale-new_.png","meta":{"brizy_attachment_uid":"wp-2dfba65f115e1c2defd0a092e69609a8.png","brizy_post_uid":["3b6fd8bd78540e2bc45310e91aaf2c88"]}}],"_links":{"self":[{"href":"https:\/\/dev.blacksquare.live\/en\/wp-json\/wp\/v2\/pages\/1121","targetHints":{"allow":["GET"]}}],"collection":[{"href":"https:\/\/dev.blacksquare.live\/en\/wp-json\/wp\/v2\/pages"}],"about":[{"href":"https:\/\/dev.blacksquare.live\/en\/wp-json\/wp\/v2\/types\/page"}],"author":[{"embeddable":true,"href":"https:\/\/dev.blacksquare.live\/en\/wp-json\/wp\/v2\/users\/1"}],"replies":[{"embeddable":true,"href":"https:\/\/dev.blacksquare.live\/en\/wp-json\/wp\/v2\/comments?post=1121"}],"version-history":[{"count":14,"href":"https:\/\/dev.blacksquare.live\/en\/wp-json\/wp\/v2\/pages\/1121\/revisions"}],"predecessor-version":[{"id":1429,"href":"https:\/\/dev.blacksquare.live\/en\/wp-json\/wp\/v2\/pages\/1121\/revisions\/1429"}],"wp:attachment":[{"href":"https:\/\/dev.blacksquare.live\/en\/wp-json\/wp\/v2\/media?parent=1121"}],"curies":[{"name":"wp","href":"https:\/\/api.w.org\/{rel}","templated":true}]}}